{"id":13,"date":"2011-05-30T21:41:11","date_gmt":"2011-05-30T21:41:11","guid":{"rendered":"http:\/\/www.wheeler-dealer.se\/?page_id=13"},"modified":"2022-04-24T20:50:06","modified_gmt":"2022-04-24T20:50:06","slug":"monteringbalansering","status":"publish","type":"page","link":"https:\/\/www.wheeler-dealer.se\/?page_id=13","title":{"rendered":"Montering &#038; balansering"},"content":{"rendered":"<p><img loading=\"lazy\" decoding=\"async\" class=\"alignright size-medium wp-image-113\" title=\"Foto Birger Tommos\" src=\"http:\/\/www.wheeler-dealer.se\/wp-content\/uploads\/2011\/05\/Pic3-300x225.jpg\" alt=\"Foto Birger Tommos\" width=\"300\" height=\"225\" srcset=\"https:\/\/www.wheeler-dealer.se\/wp-content\/uploads\/2011\/05\/Pic3-300x225.jpg 300w, https:\/\/www.wheeler-dealer.se\/wp-content\/uploads\/2011\/05\/Pic3.jpg 870w\" sizes=\"(max-width: 300px) 100vw, 300px\" \/>Wheeler-Dealer monterar och balanserar d\u00e4ck p\u00e5 l\u00f6sa hjul. I princip \u00e4r det inte organiserat s\u00e5 att vi kan ta emot en hel motorcykel. D\u00e4remot \u00e4r det OK om du vill ta loss ditt hjul sj\u00e4lv h\u00e4r hos mig, men fr\u00e5ga mig g\u00e4rna f\u00f6rst om jag har tid f\u00f6r dig just d\u00e5. Under maj 2021 var det ofta en halv till en dags k\u00f6, vilket b\u00f6r beaktas. Du f\u00e5r l\u00e5na verktyg och f\u00e5r en kopp kaffe. Har du egna d\u00e4ck med dig s\u00e5 monterar jag dem \u00e5t dig ocks\u00e5, dock skiljer monterings-priset sig fr\u00e5n det som \u00e4r normalt om du k\u00f6pt d\u00e4cken hos mig.<\/p>\n","protected":false},"excerpt":{"rendered":"<p>Wheeler-Dealer monterar och balanserar d\u00e4ck p\u00e5 l\u00f6sa hjul. I princip \u00e4r det inte organiserat s\u00e5 att vi kan ta emot en hel motorcykel. D\u00e4remot \u00e4r det OK om du vill ta loss ditt hjul sj\u00e4lv h\u00e4r hos mig, men fr\u00e5ga &hellip; <a href=\"https:\/\/www.wheeler-dealer.se\/?page_id=13\">L\u00e4s mer <span class=\"meta-nav\">&rarr;<\/span><\/a><\/p>\n","protected":false},"author":1,"featured_media":0,"parent":0,"menu_order":0,"comment_status":"closed","ping_status":"closed","template":"","meta":{"footnotes":""},"_links":{"self":[{"href":"https:\/\/www.wheeler-dealer.se\/index.php?rest_route=\/wp\/v2\/pages\/13"}],"collection":[{"href":"https:\/\/www.wheeler-dealer.se\/index.php?rest_route=\/wp\/v2\/pages"}],"about":[{"href":"https:\/\/www.wheeler-dealer.se\/index.php?rest_route=\/wp\/v2\/types\/page"}],"author":[{"embeddable":true,"href":"https:\/\/www.wheeler-dealer.se\/index.php?rest_route=\/wp\/v2\/users\/1"}],"replies":[{"embeddable":true,"href":"https:\/\/www.wheeler-dealer.se\/index.php?rest_route=%2Fwp%2Fv2%2Fcomments&post=13"}],"version-history":[{"count":17,"href":"https:\/\/www.wheeler-dealer.se\/index.php?rest_route=\/wp\/v2\/pages\/13\/revisions"}],"predecessor-version":[{"id":42,"href":"https:\/\/www.wheeler-dealer.se\/index.php?rest_route=\/wp\/v2\/pages\/13\/revisions\/42"}],"wp:attachment":[{"href":"https:\/\/www.wheeler-dealer.se\/index.php?rest_route=%2Fwp%2Fv2%2Fmedia&parent=13"}],"curies":[{"name":"wp","href":"https:\/\/api.w.org\/{rel}","templated":true}]}}