{"id":16,"date":"2011-05-30T21:44:37","date_gmt":"2011-05-30T21:44:37","guid":{"rendered":"http:\/\/www.wheeler-dealer.se\/?page_id=16"},"modified":"2016-05-09T06:14:08","modified_gmt":"2016-05-09T06:14:08","slug":"media","status":"publish","type":"page","link":"https:\/\/www.wheeler-dealer.se\/?page_id=16","title":{"rendered":"Media"},"content":{"rendered":"<p style=\"text-align: justify;\">Vi bjuder p\u00e5 Wheeler-Dealerrelaterade videoklipp!<\/p>\n<p><a href=\"http:\/\/www.youtube.com\/watch?v=XqFJYVgDBtQ\">Wheeler Dealer \u00e4lskar mc-d\u00e4ck <\/a><br \/>\nEn dokument\u00e4r om Wheeler-Dealer\u00a0av Mats &#8221;Ossa&#8221; Nyberg.<\/p>\n<p><a href=\"http:\/\/youtu.be\/86cceVFLhxA\">Wheeler-Dealer har flyttat d\u00e4ck<\/a><br \/>\n\u00c4nnu en dokument\u00e4r om Wheeler-Dealer\u00a0av Mats &#8221;Ossa&#8221; Nyberg.<\/p>\n<p><a href=\"http:\/\/www.youtube.com\/watch?v=BzzhUp4kUAk\">Wheeler-Dealer k\u00f6r en splitterny KTM 990 Adventure<\/a><br \/>\nEn dokument\u00e4r av Henning Svedberg.<\/p>\n<p><span style=\"color: #333399;\">Wheeler-Dealer monterar mc-d\u00e4ck.<\/span><\/p>\n<p>&nbsp;<\/p>\n","protected":false},"excerpt":{"rendered":"<p>Vi bjuder p\u00e5 Wheeler-Dealerrelaterade videoklipp! Wheeler Dealer \u00e4lskar mc-d\u00e4ck En dokument\u00e4r om Wheeler-Dealer\u00a0av Mats &#8221;Ossa&#8221; Nyberg. Wheeler-Dealer har flyttat d\u00e4ck \u00c4nnu en dokument\u00e4r om Wheeler-Dealer\u00a0av Mats &#8221;Ossa&#8221; Nyberg. Wheeler-Dealer k\u00f6r en splitterny KTM 990 Adventure En dokument\u00e4r av Henning Svedberg. &hellip; <a href=\"https:\/\/www.wheeler-dealer.se\/?page_id=16\">L\u00e4s mer <span class=\"meta-nav\">&rarr;<\/span><\/a><\/p>\n","protected":false},"author":1,"featured_media":0,"parent":0,"menu_order":0,"comment_status":"closed","ping_status":"closed","template":"","meta":{"footnotes":""},"_links":{"self":[{"href":"https:\/\/www.wheeler-dealer.se\/index.php?rest_route=\/wp\/v2\/pages\/16"}],"collection":[{"href":"https:\/\/www.wheeler-dealer.se\/index.php?rest_route=\/wp\/v2\/pages"}],"about":[{"href":"https:\/\/www.wheeler-dealer.se\/index.php?rest_route=\/wp\/v2\/types\/page"}],"author":[{"embeddable":true,"href":"https:\/\/www.wheeler-dealer.se\/index.php?rest_route=\/wp\/v2\/users\/1"}],"replies":[{"embeddable":true,"href":"https:\/\/www.wheeler-dealer.se\/index.php?rest_route=%2Fwp%2Fv2%2Fcomments&post=16"}],"version-history":[{"count":12,"href":"https:\/\/www.wheeler-dealer.se\/index.php?rest_route=\/wp\/v2\/pages\/16\/revisions"}],"predecessor-version":[{"id":75,"href":"https:\/\/www.wheeler-dealer.se\/index.php?rest_route=\/wp\/v2\/pages\/16\/revisions\/75"}],"wp:attachment":[{"href":"https:\/\/www.wheeler-dealer.se\/index.php?rest_route=%2Fwp%2Fv2%2Fmedia&parent=16"}],"curies":[{"name":"wp","href":"https:\/\/api.w.org\/{rel}","templated":true}]}}