{"id":19,"date":"2011-05-30T21:49:27","date_gmt":"2011-05-30T21:49:27","guid":{"rendered":"http:\/\/www.wheeler-dealer.se\/?page_id=19"},"modified":"2026-01-04T20:21:45","modified_gmt":"2026-01-04T20:21:45","slug":"19-2","status":"publish","type":"page","link":"https:\/\/www.wheeler-dealer.se\/?page_id=19","title":{"rendered":"Kontakt"},"content":{"rendered":"\n<p><\/p>\n\n\n\n<p>Adress Kranglans V\u00e4g 131&nbsp;50 Nacka.<\/p>\n\n\n\n<p>Kontakt kan f\u00e5s via e-post, <a href=\"mailto:kjellsveholm@gmail.com\">kjellsveholm@gmail.com<\/a>   Den tidigare\u00a0<a href=\"mailto:kjellsveholm@gmail.com\">hej@wheeler-dealer.se<\/a> verkar inte fungera. Obs att dator st\u00e5r i bostad och e-post inte kan l\u00e4sas fr\u00e5n verkstaden. Fr\u00e5gor om lagersaldo besvaras snabbast per telefon. E-post l\u00e4ses som regel p\u00e5 kv\u00e4llen efter hemkomst.<\/p>\n\n\n\n<p><strong>Telefon under \u00f6ppettid<\/strong>,&nbsp;&nbsp;<strong>08 643 00 75 eller 073-105 21 80.<\/strong> <span style=\"color: #333333;\"><strong> Obs att 073 numret ska kunna, f\u00f6rutom ta emot textade sms, \u00e4ven ta emot MMS, men det \u00e4r inte s\u00e4kert jag vet hur. Bilder och dylikt skickas i f\u00f6rsta hand till e-posten.<\/strong><\/span><\/p>\n\n\n\n<p>Det funkar \u00e4ven f\u00f6r rimligt n\u00e4rboende att \u00f6ppna f\u00f6nstret och fr\u00e5n t\u00e5rna vr\u00e5la:<br><em>-Kjelleeeeee!<\/em><\/p>\n\n\n\n<p><\/p>\n\n\n\n<p>Mina \u00f6ppettider?&nbsp;Nu \u00e4r det vinter tider:<\/p>\n\n\n\n<p>Tisdagar: 6\/1 Trettondagen, st\u00e4ngt. D\u00e4refter i sedvanlig ordning 12.00 &#8211; 20.00<\/p>\n\n\n\n<p>Torsdagar: \u00d6ppet 12.00 &#8211; 20.00<\/p>\n\n\n\n<p><\/p>\n","protected":false},"excerpt":{"rendered":"<p>Adress Kranglans V\u00e4g 131&nbsp;50 Nacka. Kontakt kan f\u00e5s via e-post, kjellsveholm@gmail.com Den tidigare\u00a0hej@wheeler-dealer.se verkar inte fungera. Obs att dator st\u00e5r i bostad och e-post inte kan l\u00e4sas fr\u00e5n verkstaden. Fr\u00e5gor om lagersaldo besvaras snabbast per telefon. E-post l\u00e4ses som regel &hellip; <a href=\"https:\/\/www.wheeler-dealer.se\/?page_id=19\">L\u00e4s mer <span class=\"meta-nav\">&rarr;<\/span><\/a><\/p>\n","protected":false},"author":1,"featured_media":0,"parent":0,"menu_order":0,"comment_status":"closed","ping_status":"closed","template":"","meta":{"footnotes":""},"_links":{"self":[{"href":"https:\/\/www.wheeler-dealer.se\/index.php?rest_route=\/wp\/v2\/pages\/19"}],"collection":[{"href":"https:\/\/www.wheeler-dealer.se\/index.php?rest_route=\/wp\/v2\/pages"}],"about":[{"href":"https:\/\/www.wheeler-dealer.se\/index.php?rest_route=\/wp\/v2\/types\/page"}],"author":[{"embeddable":true,"href":"https:\/\/www.wheeler-dealer.se\/index.php?rest_route=\/wp\/v2\/users\/1"}],"replies":[{"embeddable":true,"href":"https:\/\/www.wheeler-dealer.se\/index.php?rest_route=%2Fwp%2Fv2%2Fcomments&post=19"}],"version-history":[{"count":209,"href":"https:\/\/www.wheeler-dealer.se\/index.php?rest_route=\/wp\/v2\/pages\/19\/revisions"}],"predecessor-version":[{"id":756,"href":"https:\/\/www.wheeler-dealer.se\/index.php?rest_route=\/wp\/v2\/pages\/19\/revisions\/756"}],"wp:attachment":[{"href":"https:\/\/www.wheeler-dealer.se\/index.php?rest_route=%2Fwp%2Fv2%2Fmedia&parent=19"}],"curies":[{"name":"wp","href":"https:\/\/api.w.org\/{rel}","templated":true}]}}